{"id":1894,"date":"2025-07-16T17:27:28","date_gmt":"2025-07-16T17:27:28","guid":{"rendered":"https:\/\/www.prodnik.com\/beachvolleyball-basketball-und-fussball\/"},"modified":"2025-08-13T10:49:37","modified_gmt":"2025-08-13T10:49:37","slug":"beachvolleyball-basketball-und-fussball","status":"publish","type":"page","link":"https:\/\/www.prodnik.com\/de\/sportliche-aktivitaeten\/beachvolleyball-basketball-und-fussball\/","title":{"rendered":"Beachvolleyball, Basketball und Fu\u00dfball"},"content":{"rendered":"\t\t<div data-elementor-type=\"wp-page\" data-elementor-id=\"1894\" class=\"elementor elementor-1894 elementor-1125\" data-elementor-post-type=\"page\">\n\t\t\t\t<div class=\"elementor-element elementor-element-8fb7010 e-flex e-con-boxed e-con e-parent\" data-id=\"8fb7010\" data-element_type=\"container\" data-settings=\"{&quot;background_background&quot;:&quot;classic&quot;}\">\n\t\t\t\t\t<div class=\"e-con-inner\">\n\t\t\t\t\t\t\t<h1 class=\"subPageHeading e-heading-base\"  >\n\t\t\tBeachvolleyball, Basketball und Fu\u00dfball\n\t\t<\/h1>\n\t\t\t\t\t\t\t\t<p class=\"subPageIntroTxt e-paragraph-base\"  >\n\t\t\t\t\t\t\t\t\t\tAuf unserem gepflegten Sandplatz k\u00f6nnen Pensionsg\u00e4ste und Picknickteilnehmer kostenlos Beachvolleyball spielen, sich auf der Wiese einen Fu\u00dfballplatz einrichten oder eine Partie Basketball spielen.\n\t\t\t\t\t\t<\/p>\n\t\t\t\t\t<\/div>\n\t\t\t\t<\/div>\n\t\t<div class=\"elementor-element elementor-element-a18a24c e-flex e-con-boxed e-con e-parent\" data-id=\"a18a24c\" data-element_type=\"container\">\n\t\t\t\t\t<div class=\"e-con-inner\">\n\t\t<div class=\"elementor-element elementor-element-b1a294c e-con-full e-flex e-con e-child\" data-id=\"b1a294c\" data-element_type=\"container\">\n\t\t\t\t<div class=\"elementor-element elementor-element-c98249d elementor-widget elementor-widget-text-editor\" data-id=\"c98249d\" data-element_type=\"widget\" data-widget_type=\"text-editor.default\">\n\t\t\t\t<div class=\"elementor-widget-container\">\n\t\t\t\t\t\t\t\t\t<p data-start=\"0\" data-end=\"456\">Auf unserem <strong data-start=\"9\" data-end=\"58\">gepflegten Beachvolleyballplatz<\/strong>, der sich direkt neben dem Gasthof Prodnik im Herzen des <strong data-start=\"106\" data-end=\"134\">Oberen Savinja-Tals<\/strong> befindet, k\u00f6nnen <strong data-start=\"145\" data-end=\"166\">Pensionsg\u00e4ste<\/strong>, <strong data-start=\"168\" data-end=\"191\">Picknickteilnehmer<\/strong>, <strong data-start=\"193\" data-end=\"204\">Familien<\/strong>, <strong data-start=\"206\" data-end=\"224\">Schulgruppen<\/strong> und andere Besucher <strong data-start=\"246\" data-end=\"291\">kostenlos Beachvolleyball spielen<\/strong>. Beachvolleyball im Freien zu spielen ist eine hervorragende M\u00f6glichkeit zur Erholung, Geselligkeit und Entspannung, und gleichzeitig eine Gelegenheit, die Freizeit aktiv in der Natur zu verbringen. <\/p><p data-start=\"458\" data-end=\"837\">Ihnen steht auch eine <strong data-start=\"482\" data-end=\"502\">weitl\u00e4ufige Wiese<\/strong> zur Verf\u00fcgung, wo Sie sich einen <strong data-start=\"528\" data-end=\"563\">improvisierten Fu\u00dfballplatz<\/strong> einrichten k\u00f6nnen, ideal f\u00fcr entspanntes Kicken oder die Organisation eines Miniturniers unter Freunden, Kollegen oder Familienmitgliedern. Dar\u00fcber hinaus k\u00f6nnen Sie bei uns auch <strong data-start=\"716\" data-end=\"738\">Basketball im Freien<\/strong> spielen, da wir einen gepflegten Basketballplatz haben, auf dem Sie sich in einer entspannten oder wettbewerbsorientierten Partie messen k\u00f6nnen. <\/p><p data-start=\"839\" data-end=\"1233\">Alle Sportfl\u00e4chen befinden sich in unmittelbarer N\u00e4he unseres Gasthofs, was einen einfachen Zugang und einen schnellen Wechsel zwischen Aktivit\u00e4ten, Erholung oder Erfrischung in unserem Gastronomieangebot erm\u00f6glicht. Sportliche Aktivit\u00e4ten in der Natur sind bei uns eine hervorragende Erg\u00e4nzung zum vielf\u00e4ltigen Angebot, das <strong data-start=\"1107\" data-end=\"1122\">Wandern<\/strong>, <strong data-start=\"1124\" data-end=\"1140\">Radfahren<\/strong>, <strong data-start=\"1142\" data-end=\"1174\">Wassersport auf dem Fluss Savinja<\/strong> und andere <strong data-start=\"1184\" data-end=\"1232\">aktive Ferien im Oberen Savinja-Tal<\/strong> umfasst. <\/p><p data-start=\"1235\" data-end=\"1615\" data-is-last-node=\"\" data-is-only-node=\"\">Wenn Sie einen Ort suchen, an dem Sie <strong data-start=\"1271\" data-end=\"1293\">sportliche Aktivit\u00e4ten<\/strong>, <strong data-start=\"1295\" data-end=\"1305\">Natur<\/strong>, <strong data-start=\"1307\" data-end=\"1321\">Geselligkeit<\/strong> und <strong data-start=\"1325\" data-end=\"1347\">lokale K\u00fcche<\/strong> miteinander verbinden k\u00f6nnen, ist der Gasthof Prodnik die richtige Wahl f\u00fcr Sie. Wir laden Sie ein, unseren <strong data-start=\"1420\" data-end=\"1451\">Beachvolleyballplatz<\/strong> auszuprobieren, ein <strong data-start=\"1469\" data-end=\"1500\">Fu\u00dfballspiel auf der Wiese<\/strong> zu organisieren oder sich im <strong data-start=\"1522\" data-end=\"1544\">Basketball im Freien<\/strong> zu versuchen, und erleben Sie echte Gastfreundschaft und aktive Entspannung an einem Ort. <\/p>\t\t\t\t\t\t\t\t<\/div>\n\t\t\t\t<\/div>\n\t\t\t\t\t    \t            <a\n            href=\"https:\/\/www.prodnik.com\/?page_id=1278\"\n            target=\"_self\"\n            class=\"buttonBlue e-ca2970d-0cbe183 e-button-base\"\n             \n        >\n            Galerie der Sportaktivit\u00e4ten ansehen\n        <\/a>\n    \t\t\t\t<\/div>\n\t\t<div class=\"elementor-element elementor-element-b4ebd41 e-con-full e-flex e-con e-child\" data-id=\"b4ebd41\" data-element_type=\"container\">\n\t\t\t\t<div class=\"elementor-element elementor-element-7bd2720 e-con e-flexbox-base e-7bd2720-9edcd6b leafBg\" data-id=\"7bd2720\" data-element_type=\"e-flexbox\">\n\t\t\t\t\t\t\t<h2 class=\"headingAlt e-heading-base\"  >\n\t\t\tWo finden Sie uns?\n\t\t<\/h2>\n\t\t\t\t\t\t\t\t<p class=\"textParg textWhite e-paragraph-base\"  >\n\t\t\t\t\t\t\t\t\t\tSie finden uns am Fluss Savinja, zwischen den Orten Okonina und Radmirje, an der Hauptstra\u00dfe Celje - Logarska dolina.\n\t\t\t\t\t\t<\/p>\n\t\t\t\t<div class=\"elementor-element elementor-element-3dba14b elementor-icon-list--layout-traditional elementor-list-item-link-full_width elementor-widget elementor-widget-icon-list\" data-id=\"3dba14b\" data-element_type=\"widget\" data-widget_type=\"icon-list.default\">\n\t\t\t\t<div class=\"elementor-widget-container\">\n\t\t\t\t\t\t\t<ul class=\"elementor-icon-list-items\">\n\t\t\t\t\t\t\t<li class=\"elementor-icon-list-item\">\n\t\t\t\t\t\t\t\t\t\t\t<span class=\"elementor-icon-list-icon\">\n\t\t\t\t\t\t\t<svg xmlns=\"http:\/\/www.w3.org\/2000\/svg\" width=\"24\" height=\"24\" viewBox=\"0 0 24 24\" fill=\"none\"><path d=\"M17.6084 21H7.2002C6.08009 21 5.51962 21.0002 5.0918 20.7822C4.71554 20.5905 4.40951 20.2845 4.21777 19.9082C3.99979 19.4804 4 18.9199 4 17.7998V8.82227L15.1348 7.80957L17.6084 21ZM22 17.7998C22 18.9199 22.0002 19.4804 21.7822 19.9082C21.5905 20.2845 21.2845 20.5905 20.9082 20.7822C20.6039 20.9373 20.2326 20.9812 19.6406 20.9941L17.1348 7.62793L22 7.18555V17.7998ZM10 11.5C8.19599 11.5001 6.50006 12.9118 6.5 15.0293C6.5 17.1875 8.63976 18.7039 9.57324 19.2627C9.83769 19.4209 10.1623 19.4209 10.4268 19.2627C11.3602 18.7039 13.5 17.1876 13.5 15.0293C13.4999 12.9118 11.8665 11.5001 10 11.5ZM18.7998 3C19.9199 3 20.4804 2.99979 20.9082 3.21777C21.2845 3.40951 21.5905 3.71554 21.7822 4.0918C21.9208 4.36368 21.9699 4.68924 21.9883 5.17773L4 6.81348V6.2002C4 5.08009 3.99979 4.51962 4.21777 4.0918C4.40951 3.71554 4.71554 3.40951 5.0918 3.21777C5.51962 2.99979 6.08009 3 7.2002 3H18.7998Z\" fill=\"white\"><\/path><circle cx=\"10\" cy=\"15\" r=\"1\" fill=\"white\"><\/circle><\/svg>\t\t\t\t\t\t<\/span>\n\t\t\t\t\t\t\t\t\t\t<span class=\"elementor-icon-list-text\">Sportzentrum Prodnik, Jurjevec Edvard s.p.<br> Juvanje 1, 3333 Ljubno ob Savinji, Slowenien<\/span>\n\t\t\t\t\t\t\t\t\t<\/li>\n\t\t\t\t\t\t\t\t<li class=\"elementor-icon-list-item\">\n\t\t\t\t\t\t\t\t\t\t\t<span class=\"elementor-icon-list-icon\">\n\t\t\t\t\t\t\t<svg xmlns=\"http:\/\/www.w3.org\/2000\/svg\" width=\"24\" height=\"24\" viewBox=\"0 0 24 24\" fill=\"none\"><path d=\"M6.67962 3.32038L7.29289 2.70711C7.68342 2.31658 8.31658 2.31658 8.70711 2.70711L11.2929 5.29289C11.6834 5.68342 11.6834 6.31658 11.2929 6.70711L9.50048 8.49952C9.2016 8.7984 9.1275 9.255 9.31653 9.63307C10.4093 11.8186 12.1814 13.5907 14.3669 14.6835C14.745 14.8725 15.2016 14.7984 15.5005 14.4995L17.2929 12.7071C17.6834 12.3166 18.3166 12.3166 18.7071 12.7071L21.2929 15.2929C21.6834 15.6834 21.6834 16.3166 21.2929 16.7071L20.6796 17.3204C18.5683 19.4317 15.2257 19.6693 12.837 17.8777L11.6286 16.9714C9.88504 15.6638 8.33622 14.115 7.02857 12.3714L6.12226 11.163C4.33072 8.7743 4.56827 5.43173 6.67962 3.32038Z\" fill=\"white\"><\/path><\/svg>\t\t\t\t\t\t<\/span>\n\t\t\t\t\t\t\t\t\t\t<span class=\"elementor-icon-list-text\">+386 (0)3 838 10 30<\/span>\n\t\t\t\t\t\t\t\t\t<\/li>\n\t\t\t\t\t\t\t\t<li class=\"elementor-icon-list-item\">\n\t\t\t\t\t\t\t\t\t\t\t<span class=\"elementor-icon-list-icon\">\n\t\t\t\t\t\t\t<svg xmlns=\"http:\/\/www.w3.org\/2000\/svg\" width=\"24\" height=\"24\" viewBox=\"0 0 24 24\" fill=\"none\"><path d=\"M14 21C15.8856 21 16.8283 20.9998 17.4141 20.4141C17.9998 19.8283 18 18.8856 18 17V7C18 5.11438 17.9998 4.17172 17.4141 3.58594C16.8283 3.00015 15.8856 3 14 3H10C8.11438 3 7.17172 3.00015 6.58594 3.58594C6.00015 4.17172 6 5.11438 6 7V17C6 18.8856 6.00015 19.8283 6.58594 20.4141C7.17172 20.9998 8.11438 21 10 21H14ZM10 5.5C9.72386 5.5 9.5 5.27614 9.5 5C9.5 4.72386 9.72386 4.5 10 4.5H14C14.2761 4.5 14.5 4.72386 14.5 5C14.5 5.27614 14.2761 5.5 14 5.5H10ZM12 19C11.4477 19 11 18.5523 11 18C11 17.4477 11.4477 17 12 17C12.5523 17 13 17.4477 13 18C13 18.5523 12.5523 19 12 19Z\" fill=\"white\"><\/path><\/svg>\t\t\t\t\t\t<\/span>\n\t\t\t\t\t\t\t\t\t\t<span class=\"elementor-icon-list-text\">+386 (0)31 752 111 oder +386 (0)41 752 111<\/span>\n\t\t\t\t\t\t\t\t\t<\/li>\n\t\t\t\t\t\t\t\t<li class=\"elementor-icon-list-item\">\n\t\t\t\t\t\t\t\t\t\t\t<span class=\"elementor-icon-list-icon\">\n\t\t\t\t\t\t\t<svg xmlns=\"http:\/\/www.w3.org\/2000\/svg\" width=\"24\" height=\"24\" viewBox=\"0 0 24 24\" fill=\"none\"><path d=\"M20.9863 9.15039C20.9996 9.68954 21 10.3017 21 11V13C21 15.8284 20.9998 17.2424 20.1211 18.1211C19.2424 18.9998 17.8284 19 15 19H9C6.17157 19 4.75759 18.9998 3.87891 18.1211C3.00023 17.2424 3 15.8284 3 13V11C3 10.3017 2.99947 9.68953 3.0127 9.15039L11.0283 13.6045L11.1436 13.6631C11.7242 13.9384 12.4054 13.9191 12.9717 13.6045L20.9863 9.15039ZM15 5C17.8284 5 19.2424 5.00023 20.1211 5.87891C20.4275 6.18533 20.6249 6.55731 20.7549 7.03125C20.6729 7.05205 20.5921 7.08298 20.5146 7.12598L12 11.8564L3.48535 7.12598L3.39355 7.08105C3.3446 7.06002 3.29452 7.04399 3.24414 7.03125C3.37411 6.55719 3.57243 6.18538 3.87891 5.87891C4.75759 5.00023 6.17157 5 9 5H15Z\" fill=\"white\"><\/path><\/svg>\t\t\t\t\t\t<\/span>\n\t\t\t\t\t\t\t\t\t\t<span class=\"elementor-icon-list-text\">info@prodnik.com<\/span>\n\t\t\t\t\t\t\t\t\t<\/li>\n\t\t\t\t\t\t<\/ul>\n\t\t\t\t\t\t<\/div>\n\t\t\t\t<\/div>\n\t\t\t\t<\/div>\n\t\t\t\t<div class=\"elementor-element elementor-element-901d0ee e-con e-flexbox-base e-901d0ee-8a84338 boxShadow\" data-id=\"901d0ee\" data-element_type=\"e-flexbox\">\n\t\t\t\t\t\t\t<h2 class=\"headingAlt e-heading-base\"  >\n\t\t\tSenden Sie uns eine Nachricht!\n\t\t<\/h2>\n\t\t\t\t\t\t\t\t<p class=\"textParg textWhite e-paragraph-base\"  >\n\t\t\t\t\t\t\t\t\t\tHaben Sie eine Frage oder m\u00f6chten Sie eine Reservierung vornehmen?\n\t\t\t\t\t\t<\/p>\n\t\t\t\t<div class=\"elementor-element elementor-element-422c94a elementor-widget elementor-widget-template\" data-id=\"422c94a\" data-element_type=\"widget\" data-widget_type=\"template.default\">\n\t\t\t\t<div class=\"elementor-widget-container\">\n\t\t\t\t\t\t\t<div class=\"elementor-template\">\n\t\t\t\t\t<div data-elementor-type=\"e-flexbox\" data-elementor-id=\"328\" class=\"elementor elementor-328\" data-elementor-post-type=\"elementor_library\">\n\t\t\t\t<div class=\"elementor-element elementor-element-4a61fec e-flex e-con-boxed e-con e-parent\" data-id=\"4a61fec\" data-element_type=\"container\">\n\t\t\t\t\t<div class=\"e-con-inner\">\n\t\t\t\t<div class=\"elementor-element elementor-element-58ed02e elementor-button-align-stretch elementor-widget elementor-widget-form\" data-id=\"58ed02e\" data-element_type=\"widget\" data-settings=\"{&quot;step_next_label&quot;:&quot;Next&quot;,&quot;step_previous_label&quot;:&quot;Previous&quot;,&quot;button_width&quot;:&quot;100&quot;,&quot;step_type&quot;:&quot;number_text&quot;,&quot;step_icon_shape&quot;:&quot;circle&quot;}\" data-widget_type=\"form.default\">\n\t\t\t\t<div class=\"elementor-widget-container\">\n\t\t\t\t\t\t\t<form class=\"elementor-form\" method=\"post\" name=\"New Form\" aria-label=\"New Form\">\n\t\t\t<input type=\"hidden\" name=\"post_id\" value=\"328\"\/>\n\t\t\t<input type=\"hidden\" name=\"form_id\" value=\"58ed02e\"\/>\n\t\t\t<input type=\"hidden\" name=\"referer_title\" value=\"Ribolov\" \/>\n\n\t\t\t\t\t\t\t<input type=\"hidden\" name=\"queried_id\" value=\"581\"\/>\n\t\t\t\n\t\t\t<div class=\"elementor-form-fields-wrapper elementor-labels-\">\n\t\t\t\t\t\t\t\t<div class=\"elementor-field-type-text elementor-field-group elementor-column elementor-field-group-name elementor-col-100 elementor-field-required\">\n\t\t\t\t\t\t\t\t\t\t\t\t<label for=\"form-field-name\" class=\"elementor-field-label elementor-screen-only\">\n\t\t\t\t\t\t\t\tIme in priimek\t\t\t\t\t\t\t<\/label>\n\t\t\t\t\t\t\t\t\t\t\t\t\t\t<input size=\"1\" type=\"text\" name=\"form_fields[name]\" id=\"form-field-name\" class=\"elementor-field elementor-size-sm  elementor-field-textual\" placeholder=\"Va\u0161e ime in priimek\" required=\"required\">\n\t\t\t\t\t\t\t\t\t\t\t<\/div>\n\t\t\t\t\t\t\t\t<div class=\"elementor-field-type-email elementor-field-group elementor-column elementor-field-group-email elementor-col-100 elementor-field-required\">\n\t\t\t\t\t\t\t\t\t\t\t\t<label for=\"form-field-email\" class=\"elementor-field-label elementor-screen-only\">\n\t\t\t\t\t\t\t\tE-po\u0161tni naslov\t\t\t\t\t\t\t<\/label>\n\t\t\t\t\t\t\t\t\t\t\t\t\t\t<input size=\"1\" type=\"email\" name=\"form_fields[email]\" id=\"form-field-email\" class=\"elementor-field elementor-size-sm  elementor-field-textual\" placeholder=\"Va\u0161 e-po\u0161tni naslov\" required=\"required\">\n\t\t\t\t\t\t\t\t\t\t\t<\/div>\n\t\t\t\t\t\t\t\t<div class=\"elementor-field-type-tel elementor-field-group elementor-column elementor-field-group-telefon elementor-col-100\">\n\t\t\t\t\t\t\t\t\t\t\t\t<label for=\"form-field-telefon\" class=\"elementor-field-label elementor-screen-only\">\n\t\t\t\t\t\t\t\tTelefon\t\t\t\t\t\t\t<\/label>\n\t\t\t\t\t\t\t\t<input size=\"1\" type=\"tel\" name=\"form_fields[telefon]\" id=\"form-field-telefon\" class=\"elementor-field elementor-size-sm  elementor-field-textual\" placeholder=\"Telefon na katerega vas lahko kontaktiramo\" pattern=\"[0-9()#&amp;+*-=.]+\" title=\"Only numbers and phone characters (#, -, *, etc) are accepted.\">\n\n\t\t\t\t\t\t<\/div>\n\t\t\t\t\t\t\t\t<div class=\"elementor-field-type-text elementor-field-group elementor-column elementor-field-group-subject elementor-col-100 elementor-field-required\">\n\t\t\t\t\t\t\t\t\t\t\t\t<label for=\"form-field-subject\" class=\"elementor-field-label elementor-screen-only\">\n\t\t\t\t\t\t\t\tZadeva\t\t\t\t\t\t\t<\/label>\n\t\t\t\t\t\t\t\t\t\t\t\t\t\t<input size=\"1\" type=\"text\" name=\"form_fields[subject]\" id=\"form-field-subject\" class=\"elementor-field elementor-size-sm  elementor-field-textual\" placeholder=\"Zadeva sporo\u010dila\" required=\"required\">\n\t\t\t\t\t\t\t\t\t\t\t<\/div>\n\t\t\t\t\t\t\t\t<div class=\"elementor-field-type-textarea elementor-field-group elementor-column elementor-field-group-message elementor-col-100\">\n\t\t\t\t\t\t\t\t\t\t\t\t<label for=\"form-field-message\" class=\"elementor-field-label elementor-screen-only\">\n\t\t\t\t\t\t\t\tSporo\u010dilo\t\t\t\t\t\t\t<\/label>\n\t\t\t\t\t\t<textarea class=\"elementor-field-textual elementor-field  elementor-size-sm\" name=\"form_fields[message]\" id=\"form-field-message\" rows=\"4\" placeholder=\"Va\u0161e sporo\u010dilo \/ kako vam lahko pomagamo...\"><\/textarea>\t\t\t\t<\/div>\n\t\t\t\t\t\t\t\t<div class=\"elementor-field-type-recaptcha_v3 elementor-field-group elementor-column elementor-field-group-field_c34d5a8 elementor-col-100 recaptcha_v3-bottomright\">\n\t\t\t\t\t<div class=\"elementor-field\" id=\"form-field-field_c34d5a8\"><div class=\"elementor-g-recaptcha\" data-sitekey=\"6LddCKUrAAAAAG2q2WA0M-f2-UBvLImF6SALL-lJ\" data-type=\"v3\" data-action=\"Form\" data-badge=\"bottomright\" data-size=\"invisible\"><\/div><\/div>\t\t\t\t<\/div>\n\t\t\t\t\t\t\t\t<div class=\"elementor-field-group elementor-column elementor-field-type-submit elementor-col-100 e-form__buttons\">\n\t\t\t\t\t<button class=\"elementor-button elementor-size-sm\" type=\"submit\">\n\t\t\t\t\t\t<span class=\"elementor-button-content-wrapper\">\n\t\t\t\t\t\t\t\t\t\t\t\t\t\t\t\t\t\t\t\t\t\t<span class=\"elementor-button-text\">Po\u0161lji sporo\u010dilo<\/span>\n\t\t\t\t\t\t\t\t\t\t\t\t\t<\/span>\n\t\t\t\t\t<\/button>\n\t\t\t\t<\/div>\n\t\t\t<\/div>\n\t\t<\/form>\n\t\t\t\t\t\t<\/div>\n\t\t\t\t<\/div>\n\t\t\t\t\t<\/div>\n\t\t\t\t<\/div>\n\t\t\t\t<\/div>\n\t\t\t\t<\/div>\n\t\t\t\t\t\t<\/div>\n\t\t\t\t<\/div>\n\t\t\t\t\t\t\t\t<p class=\"textParg textWhite e-067bb38-4d53761 e-paragraph-base\"  >\n\t\t\t\t\t\t\t\t\t\tDie \u00fcbermittelten Daten werden von uns sorgf\u00e4ltig gesch\u00fctzt und ausschlie\u00dflich zur Beantwortung Ihrer Nachricht gespeichert.\n\t\t\t\t\t\t<\/p>\n\t\t\t\t<\/div>\n\t\t\t\t<\/div>\n\t\t\t\t\t<\/div>\n\t\t\t\t<\/div>\n\t\t\t\t<\/div>\n\t\t","protected":false},"excerpt":{"rendered":"<p>Beachvolleyball, Basketball und Fu\u00dfball Auf unserem gepflegten Sandplatz k\u00f6nnen Pensionsg\u00e4ste und Picknickteilnehmer kostenlos Beachvolleyball spielen, sich auf der Wiese einen Fu\u00dfballplatz einrichten oder eine Partie Basketball spielen. Auf unserem gepflegten Beachvolleyballplatz, der sich direkt neben dem Gasthof Prodnik im Herzen des Oberen Savinja-Tals befindet, k\u00f6nnen Pensionsg\u00e4ste, Picknickteilnehmer, Familien, Schulgruppen und andere Besucher kostenlos Beachvolleyball spielen. [&hellip;]<\/p>\n","protected":false},"author":1,"featured_media":0,"parent":1914,"menu_order":0,"comment_status":"closed","ping_status":"closed","template":"elementor_header_footer","meta":{"footnotes":""},"class_list":["post-1894","page","type-page","status-publish","hentry"],"_links":{"self":[{"href":"https:\/\/www.prodnik.com\/de\/wp-json\/wp\/v2\/pages\/1894","targetHints":{"allow":["GET"]}}],"collection":[{"href":"https:\/\/www.prodnik.com\/de\/wp-json\/wp\/v2\/pages"}],"about":[{"href":"https:\/\/www.prodnik.com\/de\/wp-json\/wp\/v2\/types\/page"}],"author":[{"embeddable":true,"href":"https:\/\/www.prodnik.com\/de\/wp-json\/wp\/v2\/users\/1"}],"replies":[{"embeddable":true,"href":"https:\/\/www.prodnik.com\/de\/wp-json\/wp\/v2\/comments?post=1894"}],"version-history":[{"count":2,"href":"https:\/\/www.prodnik.com\/de\/wp-json\/wp\/v2\/pages\/1894\/revisions"}],"predecessor-version":[{"id":1918,"href":"https:\/\/www.prodnik.com\/de\/wp-json\/wp\/v2\/pages\/1894\/revisions\/1918"}],"up":[{"embeddable":true,"href":"https:\/\/www.prodnik.com\/de\/wp-json\/wp\/v2\/pages\/1914"}],"wp:attachment":[{"href":"https:\/\/www.prodnik.com\/de\/wp-json\/wp\/v2\/media?parent=1894"}],"curies":[{"name":"wp","href":"https:\/\/api.w.org\/{rel}","templated":true}]}}