{"id":1890,"date":"2025-07-16T17:55:43","date_gmt":"2025-07-16T17:55:43","guid":{"rendered":"https:\/\/www.prodnik.com\/wintersport\/"},"modified":"2025-08-13T10:49:37","modified_gmt":"2025-08-13T10:49:37","slug":"wintersport","status":"publish","type":"page","link":"https:\/\/www.prodnik.com\/de\/sportliche-aktivitaeten\/wintersport\/","title":{"rendered":"Wintersport"},"content":{"rendered":"\t\t<div data-elementor-type=\"wp-page\" data-elementor-id=\"1890\" class=\"elementor elementor-1890 elementor-1163\" data-elementor-post-type=\"page\">\n\t\t\t\t<div class=\"elementor-element elementor-element-e2eb26f e-flex e-con-boxed e-con e-parent\" data-id=\"e2eb26f\" data-element_type=\"container\" data-settings=\"{&quot;background_background&quot;:&quot;classic&quot;}\">\n\t\t\t\t\t<div class=\"e-con-inner\">\n\t\t\t\t\t\t\t<h1 class=\"subPageHeading e-heading-base\"  >\n\t\t\tWintersport\n\t\t<\/h1>\n\t\t\t\t\t\t\t\t<p class=\"subPageIntroTxt e-paragraph-base\"  >\n\t\t\t\t\t\t\t\t\t\tIn der Umgebung gibt es neben Winterwandern und Bergsteigen bei guten Schneeverh\u00e4ltnissen zahlreiche M\u00f6glichkeiten f\u00fcr Wintersportaktivit\u00e4ten.\n\t\t\t\t\t\t<\/p>\n\t\t\t\t\t<\/div>\n\t\t\t\t<\/div>\n\t\t<div class=\"elementor-element elementor-element-3578f6d e-flex e-con-boxed e-con e-parent\" data-id=\"3578f6d\" data-element_type=\"container\">\n\t\t\t\t\t<div class=\"e-con-inner\">\n\t\t<div class=\"elementor-element elementor-element-2294bfb e-con-full e-flex e-con e-child\" data-id=\"2294bfb\" data-element_type=\"container\">\n\t\t\t\t\t\t\t<h2 class=\"headingAlt e-0f917bc-8c4b609 e-heading-base\"  >\n\t\t\tGolte\n\t\t<\/h2>\n\t\t\t\t<div class=\"elementor-element elementor-element-d58bf18 elementor-widget elementor-widget-text-editor\" data-id=\"d58bf18\" data-element_type=\"widget\" data-widget_type=\"text-editor.default\">\n\t\t\t\t<div class=\"elementor-widget-container\">\n\t\t\t\t\t\t\t\t\t<p><strong>Das Bergzentrum Golte<\/strong> bietet ein vielf\u00e4ltiges Wintererlebnis f\u00fcr alle Liebhaber des Schneevergn\u00fcgens. Auf einer H\u00f6he zwischen <strong>1.200 und 1.600 Metern<\/strong> finden Sie pr\u00e4parierte Pisten f\u00fcr <strong>alpines Skifahren<\/strong>, <strong>Skitourengehen<\/strong>, <strong>Langlauf<\/strong>, <strong>Schneeschuhwandern<\/strong> und sogar <strong>Eisklettern<\/strong>. <\/p><h5><strong>Alpines Skigebiet Golte<\/strong><\/h5><p>Das Skigebiet ist auch f\u00fcr erfahrenere Skifahrer geeignet. Insgesamt bietet es <strong>13 km pr\u00e4parierte Skipisten<\/strong>: <\/p><ul><li><strong>4,4 km blaue<\/strong> (leichtere Pisten)<\/li><li><strong>7,4 km rote<\/strong> (mittelschwere Pisten)<\/li><li><strong>1 km schwarze<\/strong> (schwierige Pisten)<\/li><\/ul><p>Drei Sessellifte und mehrere Schlepplifte erm\u00f6glichen den Zugang, was einen reibungslosen Ablauf im Skigebiet gew\u00e4hrleistet.<\/p><h5><strong>Langlauf und Skitourengehen<\/strong><\/h5><p>Liebhaber des <strong>Langlaufs<\/strong> werden von den <strong>15 km pr\u00e4parierten Langlaufloipen<\/strong> mit Startpunkt in <strong>Stari Stani<\/strong> begeistert sein.<br>F\u00fcr <strong>Skitourengeher<\/strong> sind die Golte ein idealer Ausgangspunkt f\u00fcr Touren zum <strong>Smrekovc<\/strong> oder zur <strong>Raduha<\/strong>.<\/p><h5><strong>Zus\u00e4tzliche Winteraktivit\u00e4ten<\/strong><\/h5><ul><li><strong>Eisklettern<\/strong> \u2013 organisiertes Klettern an gefrorenen Wasserf\u00e4llen in Begleitung erfahrener F\u00fchrer.<\/li><li><strong>Schneeschuhwandern<\/strong> \u2013 f\u00fcr alle, die verschneite Hochebenen ohne Skier erkunden m\u00f6chten.<\/li><\/ul><h5><strong>Kontaktinformationen<\/strong><\/h5><p><strong>Bergzentrum Golte<\/strong><br>Telefon: <a href=\"tel:+38638391100\">+386 (0)3 839 11 00<\/a><br>Talstation der Seilbahn: <strong>Radegunda 19c, 3330 Mozirje<\/strong><br>GPS: N 46\u00b0 21 \u201e22 \u201a(<strong>46.356111<\/strong>) \/ E 14\u00b0 55\u2018 54\u201c (<strong>14.931667<\/strong>)<br>Webseite: <a href=\"https:\/\/www.golte.si\" target=\"_blank\" rel=\"noopener\">www.golte.si<\/a><\/p>\t\t\t\t\t\t\t\t<\/div>\n\t\t\t\t<\/div>\n\t\t\t\t<div class=\"elementor-element elementor-element-9babd68 elementor-widget-divider--view-line elementor-widget elementor-widget-divider\" data-id=\"9babd68\" data-element_type=\"widget\" data-widget_type=\"divider.default\">\n\t\t\t\t<div class=\"elementor-widget-container\">\n\t\t\t\t\t\t\t<div class=\"elementor-divider\">\n\t\t\t<span class=\"elementor-divider-separator\">\n\t\t\t\t\t\t<\/span>\n\t\t<\/div>\n\t\t\t\t\t\t<\/div>\n\t\t\t\t<\/div>\n\t\t\t\t\t\t\t<h2 class=\"headingAlt e-c747820-5d70edc e-heading-base\"  >\n\t\t\tLogarska dolina\n\t\t<\/h2>\n\t\t\t\t<div class=\"elementor-element elementor-element-bbc837c elementor-widget elementor-widget-text-editor\" data-id=\"bbc837c\" data-element_type=\"widget\" data-widget_type=\"text-editor.default\">\n\t\t\t\t<div class=\"elementor-widget-container\">\n\t\t\t\t\t\t\t\t\t<p><strong>Logarska dolina<\/strong> ist ein wahres Paradies f\u00fcr Liebhaber von <strong>alpinem Skifahren und Skitourengehen<\/strong>, <strong>Langlauf<\/strong>, <strong>Eisklettern<\/strong> und <strong>Rodeln<\/strong>.<br>Im Tal gibt es eine pr\u00e4parierte <strong>Rundloipe<\/strong> von <strong>13 km<\/strong> L\u00e4nge, die von mehreren Einstiegspunkten zug\u00e4nglich ist, was Flexibilit\u00e4t je nach Wunsch und K\u00f6nnen erm\u00f6glicht.<\/p><h5><strong>Rodelbahnen<\/strong><\/h5><p>In der Logarska dolina gibt es mehrere pr\u00e4parierte Rodelbahnen, die Spa\u00df f\u00fcr alle Generationen bieten. Sie k\u00f6nnen in den Gebieten zwischen dem <strong>Rinka-Wasserfall<\/strong> und der <strong>Almh\u00fctte Logarski kot<\/strong>, im <strong>Skigebiet Logarska dolina<\/strong> sowie an der <strong>Christk\u00f6nigskapelle<\/strong> rodeln.<br>(<em>GPS:<\/em> N 46\u00b0 25 \u201e05 \u201a(<strong>46.418177<\/strong>) \/ E 14\u00b0 38\u2018 26\u201c (<strong>14.640677<\/strong>)). <\/p><h5><strong>Eisklettern<\/strong><\/h5><p>Die Logarska dolina ist als kleines Paradies f\u00fcr <strong>Eisklettern<\/strong> bekannt, da sie mehr als <strong>20 gefrorene Wasserf\u00e4lle<\/strong> bietet. Zu den meistbesuchten geh\u00f6rt der <strong>Palenk-Wasserfall<\/strong>, der sich beim <strong>Hotel Plesnik<\/strong> befindet.<br>(<em>GPS:<\/em> N 46\u00b0 23 \u201e55 \u201a(<strong>46.398701<\/strong>) \/ E 14\u00b0 37\u2018 50\u201c (<strong>14.630561<\/strong>)). <\/p><h5><strong>Skitourengehen<\/strong><\/h5><p>F\u00fcr Liebhaber des <strong>Skitourengehens<\/strong> sind Touren zur <strong>Ojstrica<\/strong> und zum <strong>Savinjsko sedlo<\/strong> beliebt, w\u00e4hrend mutigere die Rinnen der <strong>Turska gora<\/strong>, <strong>Rink<\/strong> und <strong>Mrzla gora<\/strong> erkunden.<\/p><h5><strong>Alpines Skifahren und Rodeln<\/strong><\/h5><p>F\u00fcr weniger anspruchsvolle Skifahrer und Familien steht das <strong>Skigebiet Logarska dolina<\/strong> (<em>GPS:<\/em> N 46\u00b0 24 \u201e21 \u201a(<strong>46.405724<\/strong>) \/ E 14\u00b0 38\u2018 09\u201c (<strong>14.635747<\/strong>)) zur Verf\u00fcgung, wo Sie <strong>alpines Skifahren<\/strong> und <strong>Rodeln<\/strong> genie\u00dfen k\u00f6nnen. Das Skigebiet liegt auf einer H\u00f6he von <strong>770 bis 1125 Metern<\/strong> und bietet <strong>1 km pr\u00e4parierte Pisten<\/strong> mit einem Schlepplift. <\/p><h5><strong>Kontaktdaten<\/strong><\/h5><p><strong>Logarska dolina d.o.o.<\/strong>, Tel: <a href=\"tel:+386038389004\">+386 (0)3 838 90 04<\/a><br>Infopunkt: Logarska dolina 9, 3335 Sol\u010dava<br>GPS: N 46\u00b0 23 \u201e55 \u201a(<strong>46.398701<\/strong>) \/ E 14\u00b0 37\u2018 50\u201c (<strong>14.630561<\/strong>)<br>Webseite: <a href=\"https:\/\/www.logarska-dolina.si\" target=\"_blank\" rel=\"noopener noreferrer\">www.logarska-dolina.si<\/a><\/p>\t\t\t\t\t\t\t\t<\/div>\n\t\t\t\t<\/div>\n\t\t\t\t<div class=\"elementor-element elementor-element-aedb0cd elementor-widget-divider--view-line elementor-widget elementor-widget-divider\" data-id=\"aedb0cd\" data-element_type=\"widget\" data-widget_type=\"divider.default\">\n\t\t\t\t<div class=\"elementor-widget-container\">\n\t\t\t\t\t\t\t<div class=\"elementor-divider\">\n\t\t\t<span class=\"elementor-divider-separator\">\n\t\t\t\t\t\t<\/span>\n\t\t<\/div>\n\t\t\t\t\t\t<\/div>\n\t\t\t\t<\/div>\n\t\t\t\t\t\t\t<h2 class=\"headingAlt e-1789d38-73d07e9 e-heading-base\"  >\n\t\t\tFamilienskigebiet Lo\u017eekar\n\t\t<\/h2>\n\t\t\t\t<div class=\"elementor-element elementor-element-d09540d elementor-widget elementor-widget-text-editor\" data-id=\"d09540d\" data-element_type=\"widget\" data-widget_type=\"text-editor.default\">\n\t\t\t\t<div class=\"elementor-widget-container\">\n\t\t\t\t\t\t\t\t\t<p><strong>Alpines Skifahren<\/strong> und <strong>Rodeln<\/strong> auf einem kleinen Familienskigebiet, das sich auf einer H\u00f6he von <strong>1150 bis 1250 m<\/strong> befindet.<br>Das Skigebiet bietet <strong>650 m pr\u00e4parierte Pisten<\/strong> mit einem Schlepplift und verf\u00fcgt \u00fcber zus\u00e4tzliche <strong>Beschneiung<\/strong>, die auch bei weniger g\u00fcnstigen Bedingungen gute Skibedingungen gew\u00e4hrleistet.<\/p><p>Neben dem Skigebiet befindet sich auch eine <strong>Skisprungschanze K-65 m<\/strong>, die sowohl f\u00fcr Besucher als auch f\u00fcr Sportler attraktiv ist.<\/p><h5><strong>Kontaktdaten<\/strong><\/h5><p><strong>Familienskigebiet Lo\u017eekar<\/strong>, Tel: <a href=\"tel:+386038389060\">+386 (0)3 838 90 60<\/a> \/ <a href=\"tel:+38641516187\">+386 (0)41 516 187<\/a><br>Adresse: Logarska dolina 27, 3335 Sol\u010dava<br>GPS: N 46\u00b0 25 \u201e50 \u201a(<strong>46.430545<\/strong>) \/ E 14\u00b0 37\u2018 38\u201c (<strong>14.627228<\/strong>)<br><a href=\"https:\/\/www.solcavska-panorama.si\" target=\"_blank\" rel=\"noopener noreferrer\">Sol\u010dava Panoramastra\u00dfe \u00bb<\/a><\/p>\t\t\t\t\t\t\t\t<\/div>\n\t\t\t\t<\/div>\n\t\t\t\t<div class=\"elementor-element elementor-element-8934ea0 elementor-widget-divider--view-line elementor-widget elementor-widget-divider\" data-id=\"8934ea0\" data-element_type=\"widget\" data-widget_type=\"divider.default\">\n\t\t\t\t<div class=\"elementor-widget-container\">\n\t\t\t\t\t\t\t<div class=\"elementor-divider\">\n\t\t\t<span class=\"elementor-divider-separator\">\n\t\t\t\t\t\t<\/span>\n\t\t<\/div>\n\t\t\t\t\t\t<\/div>\n\t\t\t\t<\/div>\n\t\t\t\t\t\t\t<h2 class=\"headingAlt e-d5e2d08-f1c34a8 e-heading-base\"  >\n\t\t\tBergh\u00fctte und Skigebiet Strmec\n\t\t<\/h2>\n\t\t\t\t<div class=\"elementor-element elementor-element-4c4632b elementor-widget elementor-widget-text-editor\" data-id=\"4c4632b\" data-element_type=\"widget\" data-widget_type=\"text-editor.default\">\n\t\t\t\t<div class=\"elementor-widget-container\">\n\t\t\t\t\t\t\t\t\t<p><strong>Alpines Skifahren<\/strong> und <strong>Rodeln<\/strong> auf einem kleinen Familienskigebiet mit Schlepplift.<\/p><h5><strong>Kontaktdaten<\/strong><\/h5><p><strong>Bergh\u00fctte und Skigebiet Strmec<\/strong> \u2013 Toma\u017e Pe\u010dovnik, Tel: <a href=\"tel:+386038384110\">+386 (0)3 838 41 10<\/a><br>Adresse: Strmec 21, 3334 Lu\u010de<br>GPS: N 46\u00b0 23 \u201e02 \u201a(<strong>46.383782<\/strong>) \/ E 14\u00b0 46\u2018 24\u201c (<strong>14.773343<\/strong>)<\/p>\t\t\t\t\t\t\t\t<\/div>\n\t\t\t\t<\/div>\n\t\t\t\t<div class=\"elementor-element elementor-element-0fedaf0 elementor-widget-divider--view-line elementor-widget elementor-widget-divider\" data-id=\"0fedaf0\" data-element_type=\"widget\" data-widget_type=\"divider.default\">\n\t\t\t\t<div class=\"elementor-widget-container\">\n\t\t\t\t\t\t\t<div class=\"elementor-divider\">\n\t\t\t<span class=\"elementor-divider-separator\">\n\t\t\t\t\t\t<\/span>\n\t\t<\/div>\n\t\t\t\t\t\t<\/div>\n\t\t\t\t<\/div>\n\t\t\t\t\t\t\t<h2 class=\"headingAlt e-575ba46-0a359a2 e-heading-base\"  >\n\t\t\tBergh\u00fctte und Skigebiet Strmec\n\t\t<\/h2>\n\t\t\t\t<div class=\"elementor-element elementor-element-f3ac3fc elementor-widget elementor-widget-text-editor\" data-id=\"f3ac3fc\" data-element_type=\"widget\" data-widget_type=\"text-editor.default\">\n\t\t\t\t<div class=\"elementor-widget-container\">\n\t\t\t\t\t\t\t\t\t<p><strong>Alpines Skifahren<\/strong> (auch <strong>nachts<\/strong>), <strong>Rodeln<\/strong> und <strong>Langlauf<\/strong> auf einem kleinen Familienskigebiet, das eine <strong>350 Meter lange Piste<\/strong> mit zwei Schleppliften und zus\u00e4tzlicher <strong>Beschneiung<\/strong> bietet.<\/p><p>Neben dem Skigebiet gibt es pr\u00e4parierte <strong>Langlaufloipen<\/strong> und einen <strong>Kinderspielplatz<\/strong> (Schneeschaufeln). Der gesamte Komplex ist <strong>mit Flutlichtern beleuchtet<\/strong>, was auch abendliches Skifahren erm\u00f6glicht. <\/p><h5><strong>Kontaktdaten<\/strong><\/h5><p><strong>Skigebiet Lu\u010de<\/strong>, Tel: <a href=\"tel:+38640745745\">+386 (0)40 745 745<\/a> \/ <a href=\"tel:+38630383383\">+386 (0)30 383 383<\/a><br>Adresse: Raduha 46, 3334 Lu\u010de<br>GPS: N 46\u00b0 21 \u201e55 \u201a(<strong>46.365353<\/strong>) \/ E 14\u00b0 44\u2018 07\u201c (<strong>14.735207<\/strong>)<br><a href=\"http:\/\/www.smucisce-luce.si\" target=\"_blank\" rel=\"noopener noreferrer\">www.smucisce-luce.si<\/a><\/p>\t\t\t\t\t\t\t\t<\/div>\n\t\t\t\t<\/div>\n\t\t\t\t\t    \t            <a\n            href=\"https:\/\/www.prodnik.com\/?page_id=1278\"\n            target=\"_self\"\n            class=\"buttonBlue e-c195346-797d93e e-button-base\"\n             \n        >\n            Sehen Sie sich die Galerie der Sportaktivit\u00e4ten an\n        <\/a>\n    \t\t\t\t<\/div>\n\t\t<div class=\"elementor-element elementor-element-18522e1 e-con-full e-flex e-con e-child\" data-id=\"18522e1\" data-element_type=\"container\">\n\t\t\t\t<div class=\"elementor-element elementor-element-637ab77 e-con e-flexbox-base e-637ab77-7345280 leafBg\" data-id=\"637ab77\" data-element_type=\"e-flexbox\">\n\t\t\t\t\t\t\t<h2 class=\"headingAlt e-heading-base\"  >\n\t\t\tWo finden Sie uns?\n\t\t<\/h2>\n\t\t\t\t\t\t\t\t<p class=\"textParg textWhite e-paragraph-base\"  >\n\t\t\t\t\t\t\t\t\t\tSie finden uns am Fluss Savinja, zwischen den Orten Okonina und Radmirje, entlang der Hauptstra\u00dfe Celje - Logarska dolina.\n\t\t\t\t\t\t<\/p>\n\t\t\t\t<div class=\"elementor-element elementor-element-3a754b1 elementor-icon-list--layout-traditional elementor-list-item-link-full_width elementor-widget elementor-widget-icon-list\" data-id=\"3a754b1\" data-element_type=\"widget\" data-widget_type=\"icon-list.default\">\n\t\t\t\t<div class=\"elementor-widget-container\">\n\t\t\t\t\t\t\t<ul class=\"elementor-icon-list-items\">\n\t\t\t\t\t\t\t<li class=\"elementor-icon-list-item\">\n\t\t\t\t\t\t\t\t\t\t\t<span class=\"elementor-icon-list-icon\">\n\t\t\t\t\t\t\t<svg xmlns=\"http:\/\/www.w3.org\/2000\/svg\" width=\"24\" height=\"24\" viewBox=\"0 0 24 24\" fill=\"none\"><path d=\"M17.6084 21H7.2002C6.08009 21 5.51962 21.0002 5.0918 20.7822C4.71554 20.5905 4.40951 20.2845 4.21777 19.9082C3.99979 19.4804 4 18.9199 4 17.7998V8.82227L15.1348 7.80957L17.6084 21ZM22 17.7998C22 18.9199 22.0002 19.4804 21.7822 19.9082C21.5905 20.2845 21.2845 20.5905 20.9082 20.7822C20.6039 20.9373 20.2326 20.9812 19.6406 20.9941L17.1348 7.62793L22 7.18555V17.7998ZM10 11.5C8.19599 11.5001 6.50006 12.9118 6.5 15.0293C6.5 17.1875 8.63976 18.7039 9.57324 19.2627C9.83769 19.4209 10.1623 19.4209 10.4268 19.2627C11.3602 18.7039 13.5 17.1876 13.5 15.0293C13.4999 12.9118 11.8665 11.5001 10 11.5ZM18.7998 3C19.9199 3 20.4804 2.99979 20.9082 3.21777C21.2845 3.40951 21.5905 3.71554 21.7822 4.0918C21.9208 4.36368 21.9699 4.68924 21.9883 5.17773L4 6.81348V6.2002C4 5.08009 3.99979 4.51962 4.21777 4.0918C4.40951 3.71554 4.71554 3.40951 5.0918 3.21777C5.51962 2.99979 6.08009 3 7.2002 3H18.7998Z\" fill=\"white\"><\/path><circle cx=\"10\" cy=\"15\" r=\"1\" fill=\"white\"><\/circle><\/svg>\t\t\t\t\t\t<\/span>\n\t\t\t\t\t\t\t\t\t\t<span class=\"elementor-icon-list-text\">Sportzentrum Prodnik, Jurjevec Edvard s.p.<br> Juvanje 1, 3333 Ljubno ob Savinji, Slowenien<\/span>\n\t\t\t\t\t\t\t\t\t<\/li>\n\t\t\t\t\t\t\t\t<li class=\"elementor-icon-list-item\">\n\t\t\t\t\t\t\t\t\t\t\t<span class=\"elementor-icon-list-icon\">\n\t\t\t\t\t\t\t<svg xmlns=\"http:\/\/www.w3.org\/2000\/svg\" width=\"24\" height=\"24\" viewBox=\"0 0 24 24\" fill=\"none\"><path d=\"M6.67962 3.32038L7.29289 2.70711C7.68342 2.31658 8.31658 2.31658 8.70711 2.70711L11.2929 5.29289C11.6834 5.68342 11.6834 6.31658 11.2929 6.70711L9.50048 8.49952C9.2016 8.7984 9.1275 9.255 9.31653 9.63307C10.4093 11.8186 12.1814 13.5907 14.3669 14.6835C14.745 14.8725 15.2016 14.7984 15.5005 14.4995L17.2929 12.7071C17.6834 12.3166 18.3166 12.3166 18.7071 12.7071L21.2929 15.2929C21.6834 15.6834 21.6834 16.3166 21.2929 16.7071L20.6796 17.3204C18.5683 19.4317 15.2257 19.6693 12.837 17.8777L11.6286 16.9714C9.88504 15.6638 8.33622 14.115 7.02857 12.3714L6.12226 11.163C4.33072 8.7743 4.56827 5.43173 6.67962 3.32038Z\" fill=\"white\"><\/path><\/svg>\t\t\t\t\t\t<\/span>\n\t\t\t\t\t\t\t\t\t\t<span class=\"elementor-icon-list-text\">+386 (0)3 838 10 30<\/span>\n\t\t\t\t\t\t\t\t\t<\/li>\n\t\t\t\t\t\t\t\t<li class=\"elementor-icon-list-item\">\n\t\t\t\t\t\t\t\t\t\t\t<span class=\"elementor-icon-list-icon\">\n\t\t\t\t\t\t\t<svg xmlns=\"http:\/\/www.w3.org\/2000\/svg\" width=\"24\" height=\"24\" viewBox=\"0 0 24 24\" fill=\"none\"><path d=\"M14 21C15.8856 21 16.8283 20.9998 17.4141 20.4141C17.9998 19.8283 18 18.8856 18 17V7C18 5.11438 17.9998 4.17172 17.4141 3.58594C16.8283 3.00015 15.8856 3 14 3H10C8.11438 3 7.17172 3.00015 6.58594 3.58594C6.00015 4.17172 6 5.11438 6 7V17C6 18.8856 6.00015 19.8283 6.58594 20.4141C7.17172 20.9998 8.11438 21 10 21H14ZM10 5.5C9.72386 5.5 9.5 5.27614 9.5 5C9.5 4.72386 9.72386 4.5 10 4.5H14C14.2761 4.5 14.5 4.72386 14.5 5C14.5 5.27614 14.2761 5.5 14 5.5H10ZM12 19C11.4477 19 11 18.5523 11 18C11 17.4477 11.4477 17 12 17C12.5523 17 13 17.4477 13 18C13 18.5523 12.5523 19 12 19Z\" fill=\"white\"><\/path><\/svg>\t\t\t\t\t\t<\/span>\n\t\t\t\t\t\t\t\t\t\t<span class=\"elementor-icon-list-text\">+386 (0)31 752 111 oder +386 (0)41 752 111<\/span>\n\t\t\t\t\t\t\t\t\t<\/li>\n\t\t\t\t\t\t\t\t<li class=\"elementor-icon-list-item\">\n\t\t\t\t\t\t\t\t\t\t\t<span class=\"elementor-icon-list-icon\">\n\t\t\t\t\t\t\t<svg xmlns=\"http:\/\/www.w3.org\/2000\/svg\" width=\"24\" height=\"24\" viewBox=\"0 0 24 24\" fill=\"none\"><path d=\"M20.9863 9.15039C20.9996 9.68954 21 10.3017 21 11V13C21 15.8284 20.9998 17.2424 20.1211 18.1211C19.2424 18.9998 17.8284 19 15 19H9C6.17157 19 4.75759 18.9998 3.87891 18.1211C3.00023 17.2424 3 15.8284 3 13V11C3 10.3017 2.99947 9.68953 3.0127 9.15039L11.0283 13.6045L11.1436 13.6631C11.7242 13.9384 12.4054 13.9191 12.9717 13.6045L20.9863 9.15039ZM15 5C17.8284 5 19.2424 5.00023 20.1211 5.87891C20.4275 6.18533 20.6249 6.55731 20.7549 7.03125C20.6729 7.05205 20.5921 7.08298 20.5146 7.12598L12 11.8564L3.48535 7.12598L3.39355 7.08105C3.3446 7.06002 3.29452 7.04399 3.24414 7.03125C3.37411 6.55719 3.57243 6.18538 3.87891 5.87891C4.75759 5.00023 6.17157 5 9 5H15Z\" fill=\"white\"><\/path><\/svg>\t\t\t\t\t\t<\/span>\n\t\t\t\t\t\t\t\t\t\t<span class=\"elementor-icon-list-text\">info@prodnik.com<\/span>\n\t\t\t\t\t\t\t\t\t<\/li>\n\t\t\t\t\t\t<\/ul>\n\t\t\t\t\t\t<\/div>\n\t\t\t\t<\/div>\n\t\t\t\t<\/div>\n\t\t\t\t<div class=\"elementor-element elementor-element-17b2bdb e-con e-flexbox-base e-17b2bdb-ff32911 boxShadow\" data-id=\"17b2bdb\" data-element_type=\"e-flexbox\">\n\t\t\t\t\t\t\t<h2 class=\"headingAlt e-heading-base\"  >\n\t\t\tSenden Sie uns eine Nachricht!\n\t\t<\/h2>\n\t\t\t\t\t\t\t\t<p class=\"textParg textWhite e-paragraph-base\"  >\n\t\t\t\t\t\t\t\t\t\tHaben Sie eine Frage oder m\u00f6chten Sie eine Reservierung vornehmen?\n\t\t\t\t\t\t<\/p>\n\t\t\t\t<div class=\"elementor-element elementor-element-1ccf5af elementor-widget elementor-widget-template\" data-id=\"1ccf5af\" data-element_type=\"widget\" data-widget_type=\"template.default\">\n\t\t\t\t<div class=\"elementor-widget-container\">\n\t\t\t\t\t\t\t<div class=\"elementor-template\">\n\t\t\t\t\t<div data-elementor-type=\"e-flexbox\" data-elementor-id=\"328\" class=\"elementor elementor-328\" data-elementor-post-type=\"elementor_library\">\n\t\t\t\t<div class=\"elementor-element elementor-element-4a61fec e-flex e-con-boxed e-con e-parent\" data-id=\"4a61fec\" data-element_type=\"container\">\n\t\t\t\t\t<div class=\"e-con-inner\">\n\t\t\t\t<div class=\"elementor-element elementor-element-58ed02e elementor-button-align-stretch elementor-widget elementor-widget-form\" data-id=\"58ed02e\" data-element_type=\"widget\" data-settings=\"{&quot;step_next_label&quot;:&quot;Next&quot;,&quot;step_previous_label&quot;:&quot;Previous&quot;,&quot;button_width&quot;:&quot;100&quot;,&quot;step_type&quot;:&quot;number_text&quot;,&quot;step_icon_shape&quot;:&quot;circle&quot;}\" data-widget_type=\"form.default\">\n\t\t\t\t<div class=\"elementor-widget-container\">\n\t\t\t\t\t\t\t<form class=\"elementor-form\" method=\"post\" name=\"New Form\" aria-label=\"New Form\">\n\t\t\t<input type=\"hidden\" name=\"post_id\" value=\"328\"\/>\n\t\t\t<input type=\"hidden\" name=\"form_id\" value=\"58ed02e\"\/>\n\t\t\t<input type=\"hidden\" name=\"referer_title\" value=\"Ribolov\" \/>\n\n\t\t\t\t\t\t\t<input type=\"hidden\" name=\"queried_id\" value=\"581\"\/>\n\t\t\t\n\t\t\t<div class=\"elementor-form-fields-wrapper elementor-labels-\">\n\t\t\t\t\t\t\t\t<div class=\"elementor-field-type-text elementor-field-group elementor-column elementor-field-group-name elementor-col-100 elementor-field-required\">\n\t\t\t\t\t\t\t\t\t\t\t\t<label for=\"form-field-name\" class=\"elementor-field-label elementor-screen-only\">\n\t\t\t\t\t\t\t\tIme in priimek\t\t\t\t\t\t\t<\/label>\n\t\t\t\t\t\t\t\t\t\t\t\t\t\t<input size=\"1\" type=\"text\" name=\"form_fields[name]\" id=\"form-field-name\" class=\"elementor-field elementor-size-sm  elementor-field-textual\" placeholder=\"Va\u0161e ime in priimek\" required=\"required\">\n\t\t\t\t\t\t\t\t\t\t\t<\/div>\n\t\t\t\t\t\t\t\t<div class=\"elementor-field-type-email elementor-field-group elementor-column elementor-field-group-email elementor-col-100 elementor-field-required\">\n\t\t\t\t\t\t\t\t\t\t\t\t<label for=\"form-field-email\" class=\"elementor-field-label elementor-screen-only\">\n\t\t\t\t\t\t\t\tE-po\u0161tni naslov\t\t\t\t\t\t\t<\/label>\n\t\t\t\t\t\t\t\t\t\t\t\t\t\t<input size=\"1\" type=\"email\" name=\"form_fields[email]\" id=\"form-field-email\" class=\"elementor-field elementor-size-sm  elementor-field-textual\" placeholder=\"Va\u0161 e-po\u0161tni naslov\" required=\"required\">\n\t\t\t\t\t\t\t\t\t\t\t<\/div>\n\t\t\t\t\t\t\t\t<div class=\"elementor-field-type-tel elementor-field-group elementor-column elementor-field-group-telefon elementor-col-100\">\n\t\t\t\t\t\t\t\t\t\t\t\t<label for=\"form-field-telefon\" class=\"elementor-field-label elementor-screen-only\">\n\t\t\t\t\t\t\t\tTelefon\t\t\t\t\t\t\t<\/label>\n\t\t\t\t\t\t\t\t<input size=\"1\" type=\"tel\" name=\"form_fields[telefon]\" id=\"form-field-telefon\" class=\"elementor-field elementor-size-sm  elementor-field-textual\" placeholder=\"Telefon na katerega vas lahko kontaktiramo\" pattern=\"[0-9()#&amp;+*-=.]+\" title=\"Only numbers and phone characters (#, -, *, etc) are accepted.\">\n\n\t\t\t\t\t\t<\/div>\n\t\t\t\t\t\t\t\t<div class=\"elementor-field-type-text elementor-field-group elementor-column elementor-field-group-subject elementor-col-100 elementor-field-required\">\n\t\t\t\t\t\t\t\t\t\t\t\t<label for=\"form-field-subject\" class=\"elementor-field-label elementor-screen-only\">\n\t\t\t\t\t\t\t\tZadeva\t\t\t\t\t\t\t<\/label>\n\t\t\t\t\t\t\t\t\t\t\t\t\t\t<input size=\"1\" type=\"text\" name=\"form_fields[subject]\" id=\"form-field-subject\" class=\"elementor-field elementor-size-sm  elementor-field-textual\" placeholder=\"Zadeva sporo\u010dila\" required=\"required\">\n\t\t\t\t\t\t\t\t\t\t\t<\/div>\n\t\t\t\t\t\t\t\t<div class=\"elementor-field-type-textarea elementor-field-group elementor-column elementor-field-group-message elementor-col-100\">\n\t\t\t\t\t\t\t\t\t\t\t\t<label for=\"form-field-message\" class=\"elementor-field-label elementor-screen-only\">\n\t\t\t\t\t\t\t\tSporo\u010dilo\t\t\t\t\t\t\t<\/label>\n\t\t\t\t\t\t<textarea class=\"elementor-field-textual elementor-field  elementor-size-sm\" name=\"form_fields[message]\" id=\"form-field-message\" rows=\"4\" placeholder=\"Va\u0161e sporo\u010dilo \/ kako vam lahko pomagamo...\"><\/textarea>\t\t\t\t<\/div>\n\t\t\t\t\t\t\t\t<div class=\"elementor-field-type-recaptcha_v3 elementor-field-group elementor-column elementor-field-group-field_c34d5a8 elementor-col-100 recaptcha_v3-bottomright\">\n\t\t\t\t\t<div class=\"elementor-field\" id=\"form-field-field_c34d5a8\"><div class=\"elementor-g-recaptcha\" data-sitekey=\"6LddCKUrAAAAAG2q2WA0M-f2-UBvLImF6SALL-lJ\" data-type=\"v3\" data-action=\"Form\" data-badge=\"bottomright\" data-size=\"invisible\"><\/div><\/div>\t\t\t\t<\/div>\n\t\t\t\t\t\t\t\t<div class=\"elementor-field-group elementor-column elementor-field-type-submit elementor-col-100 e-form__buttons\">\n\t\t\t\t\t<button class=\"elementor-button elementor-size-sm\" type=\"submit\">\n\t\t\t\t\t\t<span class=\"elementor-button-content-wrapper\">\n\t\t\t\t\t\t\t\t\t\t\t\t\t\t\t\t\t\t\t\t\t\t<span class=\"elementor-button-text\">Po\u0161lji sporo\u010dilo<\/span>\n\t\t\t\t\t\t\t\t\t\t\t\t\t<\/span>\n\t\t\t\t\t<\/button>\n\t\t\t\t<\/div>\n\t\t\t<\/div>\n\t\t<\/form>\n\t\t\t\t\t\t<\/div>\n\t\t\t\t<\/div>\n\t\t\t\t\t<\/div>\n\t\t\t\t<\/div>\n\t\t\t\t<\/div>\n\t\t\t\t<\/div>\n\t\t\t\t\t\t<\/div>\n\t\t\t\t<\/div>\n\t\t\t\t\t\t\t\t<p class=\"textParg textWhite e-fba6ae3-8d5c22d e-paragraph-base\"  >\n\t\t\t\t\t\t\t\t\t\tDie \u00fcbermittelten Daten werden wir sorgf\u00e4ltig sch\u00fctzen und nur zum Zweck der Beantwortung Ihrer Nachricht speichern.\n\t\t\t\t\t\t<\/p>\n\t\t\t\t<\/div>\n\t\t\t\t<\/div>\n\t\t\t\t\t<\/div>\n\t\t\t\t<\/div>\n\t\t\t\t<\/div>\n\t\t","protected":false},"excerpt":{"rendered":"<p>Wintersport In der Umgebung gibt es neben Winterwandern und Bergsteigen bei guten Schneeverh\u00e4ltnissen zahlreiche M\u00f6glichkeiten f\u00fcr Wintersportaktivit\u00e4ten. Golte Das Bergzentrum Golte bietet ein vielf\u00e4ltiges Wintererlebnis f\u00fcr alle Liebhaber des Schneevergn\u00fcgens. Auf einer H\u00f6he zwischen 1.200 und 1.600 Metern finden Sie pr\u00e4parierte Pisten f\u00fcr alpines Skifahren, Skitourengehen, Langlauf, Schneeschuhwandern und sogar Eisklettern. Alpines Skigebiet Golte Das [&hellip;]<\/p>\n","protected":false},"author":1,"featured_media":0,"parent":1914,"menu_order":0,"comment_status":"closed","ping_status":"closed","template":"elementor_header_footer","meta":{"footnotes":""},"class_list":["post-1890","page","type-page","status-publish","hentry"],"_links":{"self":[{"href":"https:\/\/www.prodnik.com\/de\/wp-json\/wp\/v2\/pages\/1890","targetHints":{"allow":["GET"]}}],"collection":[{"href":"https:\/\/www.prodnik.com\/de\/wp-json\/wp\/v2\/pages"}],"about":[{"href":"https:\/\/www.prodnik.com\/de\/wp-json\/wp\/v2\/types\/page"}],"author":[{"embeddable":true,"href":"https:\/\/www.prodnik.com\/de\/wp-json\/wp\/v2\/users\/1"}],"replies":[{"embeddable":true,"href":"https:\/\/www.prodnik.com\/de\/wp-json\/wp\/v2\/comments?post=1890"}],"version-history":[{"count":2,"href":"https:\/\/www.prodnik.com\/de\/wp-json\/wp\/v2\/pages\/1890\/revisions"}],"predecessor-version":[{"id":1923,"href":"https:\/\/www.prodnik.com\/de\/wp-json\/wp\/v2\/pages\/1890\/revisions\/1923"}],"up":[{"embeddable":true,"href":"https:\/\/www.prodnik.com\/de\/wp-json\/wp\/v2\/pages\/1914"}],"wp:attachment":[{"href":"https:\/\/www.prodnik.com\/de\/wp-json\/wp\/v2\/media?parent=1890"}],"curies":[{"name":"wp","href":"https:\/\/api.w.org\/{rel}","templated":true}]}}